{"id":11,"date":"2021-06-10T15:32:16","date_gmt":"2021-06-10T13:32:16","guid":{"rendered":"https:\/\/adc3r.agencealbum.com\/?page_id=11"},"modified":"2025-03-21T08:51:05","modified_gmt":"2025-03-21T07:51:05","slug":"accueil","status":"publish","type":"page","link":"https:\/\/adc3r.com\/en\/","title":{"rendered":"Accueil"},"content":{"rendered":"","protected":false},"excerpt":{"rendered":"","protected":false},"author":1,"featured_media":124,"parent":0,"menu_order":0,"comment_status":"closed","ping_status":"closed","template":"page-home.php","meta":[],"yoast_head":"<!-- This site is optimized with the Yoast SEO plugin v17.6 - https:\/\/yoast.com\/wordpress\/plugins\/seo\/ -->\n<title>adc3r - Accueil<\/title>\n<meta name=\"description\" content=\"ADC3R, association fran\u00e7aise cr\u00e9\u00e9e en 2013, regroupe lesdistributeurs, conditionneurs, r\u00e9cup\u00e9rateurs et retraiteurs de fluides frigorig\u00e8nes.\" \/>\n<meta name=\"robots\" content=\"index, follow, max-snippet:-1, max-image-preview:large, max-video-preview:-1\" \/>\n<link rel=\"canonical\" href=\"https:\/\/adc3r.com\/en\/\" \/>\n<meta property=\"og:locale\" content=\"en_GB\" \/>\n<meta property=\"og:type\" content=\"article\" \/>\n<meta property=\"og:title\" content=\"adc3r - Accueil\" \/>\n<meta property=\"og:description\" content=\"ADC3R, association fran\u00e7aise cr\u00e9\u00e9e en 2013, regroupe lesdistributeurs, conditionneurs, r\u00e9cup\u00e9rateurs et retraiteurs de fluides frigorig\u00e8nes.\" \/>\n<meta property=\"og:url\" content=\"https:\/\/adc3r.com\/en\/\" \/>\n<meta property=\"og:site_name\" content=\"adc3r\" \/>\n<meta property=\"article:publisher\" content=\"https:\/\/www.facebook.com\/ADC3R\/\" \/>\n<meta property=\"article:modified_time\" content=\"2025-03-21T07:51:05+00:00\" \/>\n<meta property=\"og:image\" content=\"https:\/\/adc3r.com\/wp-content\/uploads\/2021\/06\/Home-01.jpg\" \/>\n\t<meta property=\"og:image:width\" content=\"1154\" \/>\n\t<meta property=\"og:image:height\" content=\"598\" \/>\n<meta name=\"twitter:card\" content=\"summary_large_image\" \/>\n<script type=\"application\/ld+json\" class=\"yoast-schema-graph\">{\"@context\":\"https:\/\/schema.org\",\"@graph\":[{\"@type\":\"Organization\",\"@id\":\"https:\/\/adc3r.com\/#organization\",\"name\":\"ADC3R\",\"url\":\"https:\/\/adc3r.com\/\",\"sameAs\":[\"https:\/\/www.facebook.com\/ADC3R\/\",\"https:\/\/www.linkedin.com\/company\/adc3r\/\"],\"logo\":{\"@type\":\"ImageObject\",\"@id\":\"https:\/\/adc3r.com\/#logo\",\"inLanguage\":\"en-GB\",\"url\":\"https:\/\/adc3r.com\/wp-content\/uploads\/2021\/06\/cropped-Favicom-2.png\",\"contentUrl\":\"https:\/\/adc3r.com\/wp-content\/uploads\/2021\/06\/cropped-Favicom-2.png\",\"width\":512,\"height\":512,\"caption\":\"ADC3R\"},\"image\":{\"@id\":\"https:\/\/adc3r.com\/#logo\"}},{\"@type\":\"WebSite\",\"@id\":\"https:\/\/adc3r.com\/#website\",\"url\":\"https:\/\/adc3r.com\/\",\"name\":\"adc3r\",\"description\":\"ASSOCIATION DES DISTRIBUTEURS, CONDITIONNEURS,                             R\\u00c9CUP\\u00c9RATEURS, RETRAITEURS DE R\\u00c9FRIG\\u00c9RANTS\",\"publisher\":{\"@id\":\"https:\/\/adc3r.com\/#organization\"},\"potentialAction\":[{\"@type\":\"SearchAction\",\"target\":{\"@type\":\"EntryPoint\",\"urlTemplate\":\"https:\/\/adc3r.com\/?s={search_term_string}\"},\"query-input\":\"required name=search_term_string\"}],\"inLanguage\":\"en-GB\"},{\"@type\":\"ImageObject\",\"@id\":\"https:\/\/adc3r.com\/#primaryimage\",\"inLanguage\":\"en-GB\",\"url\":\"https:\/\/adc3r.com\/wp-content\/uploads\/2021\/06\/Home-01.jpg\",\"contentUrl\":\"https:\/\/adc3r.com\/wp-content\/uploads\/2021\/06\/Home-01.jpg\",\"width\":1154,\"height\":598,\"caption\":\"ADC3R\"},{\"@type\":\"WebPage\",\"@id\":\"https:\/\/adc3r.com\/#webpage\",\"url\":\"https:\/\/adc3r.com\/\",\"name\":\"adc3r - Accueil\",\"isPartOf\":{\"@id\":\"https:\/\/adc3r.com\/#website\"},\"primaryImageOfPage\":{\"@id\":\"https:\/\/adc3r.com\/#primaryimage\"},\"datePublished\":\"2021-06-10T13:32:16+00:00\",\"dateModified\":\"2025-03-21T07:51:05+00:00\",\"description\":\"ADC3R, association fran\\u00e7aise cr\\u00e9\\u00e9e en 2013, regroupe lesdistributeurs, conditionneurs, r\\u00e9cup\\u00e9rateurs et retraiteurs de fluides frigorig\\u00e8nes.\",\"breadcrumb\":{\"@id\":\"https:\/\/adc3r.com\/#breadcrumb\"},\"inLanguage\":\"en-GB\",\"potentialAction\":[{\"@type\":\"ReadAction\",\"target\":[\"https:\/\/adc3r.com\/\"]}]},{\"@type\":\"BreadcrumbList\",\"@id\":\"https:\/\/adc3r.com\/#breadcrumb\",\"itemListElement\":[{\"@type\":\"ListItem\",\"position\":1,\"name\":\"Accueil\",\"item\":\"https:\/\/adc3r.com\/\"},{\"@type\":\"ListItem\",\"position\":2,\"name\":\"Accueil\"}]}]}<\/script>\n<!-- \/ Yoast SEO plugin. -->","yoast_head_json":{"title":"adc3r - Accueil","description":"ADC3R, association fran\u00e7aise cr\u00e9\u00e9e en 2013, regroupe lesdistributeurs, conditionneurs, r\u00e9cup\u00e9rateurs et retraiteurs de fluides frigorig\u00e8nes.","robots":{"index":"index","follow":"follow","max-snippet":"max-snippet:-1","max-image-preview":"max-image-preview:large","max-video-preview":"max-video-preview:-1"},"canonical":"https:\/\/adc3r.com\/en\/","og_locale":"en_GB","og_type":"article","og_title":"adc3r - Accueil","og_description":"ADC3R, association fran\u00e7aise cr\u00e9\u00e9e en 2013, regroupe lesdistributeurs, conditionneurs, r\u00e9cup\u00e9rateurs et retraiteurs de fluides frigorig\u00e8nes.","og_url":"https:\/\/adc3r.com\/en\/","og_site_name":"adc3r","article_publisher":"https:\/\/www.facebook.com\/ADC3R\/","article_modified_time":"2025-03-21T07:51:05+00:00","og_image":[{"width":1154,"height":598,"url":"https:\/\/adc3r.com\/wp-content\/uploads\/2021\/06\/Home-01.jpg","type":"image\/jpeg"}],"twitter_card":"summary_large_image","schema":{"@context":"https:\/\/schema.org","@graph":[{"@type":"Organization","@id":"https:\/\/adc3r.com\/#organization","name":"ADC3R","url":"https:\/\/adc3r.com\/","sameAs":["https:\/\/www.facebook.com\/ADC3R\/","https:\/\/www.linkedin.com\/company\/adc3r\/"],"logo":{"@type":"ImageObject","@id":"https:\/\/adc3r.com\/#logo","inLanguage":"en-GB","url":"https:\/\/adc3r.com\/wp-content\/uploads\/2021\/06\/cropped-Favicom-2.png","contentUrl":"https:\/\/adc3r.com\/wp-content\/uploads\/2021\/06\/cropped-Favicom-2.png","width":512,"height":512,"caption":"ADC3R"},"image":{"@id":"https:\/\/adc3r.com\/#logo"}},{"@type":"WebSite","@id":"https:\/\/adc3r.com\/#website","url":"https:\/\/adc3r.com\/","name":"adc3r","description":"ASSOCIATION DES DISTRIBUTEURS, CONDITIONNEURS,                             R\u00c9CUP\u00c9RATEURS, RETRAITEURS DE R\u00c9FRIG\u00c9RANTS","publisher":{"@id":"https:\/\/adc3r.com\/#organization"},"potentialAction":[{"@type":"SearchAction","target":{"@type":"EntryPoint","urlTemplate":"https:\/\/adc3r.com\/?s={search_term_string}"},"query-input":"required name=search_term_string"}],"inLanguage":"en-GB"},{"@type":"ImageObject","@id":"https:\/\/adc3r.com\/#primaryimage","inLanguage":"en-GB","url":"https:\/\/adc3r.com\/wp-content\/uploads\/2021\/06\/Home-01.jpg","contentUrl":"https:\/\/adc3r.com\/wp-content\/uploads\/2021\/06\/Home-01.jpg","width":1154,"height":598,"caption":"ADC3R"},{"@type":"WebPage","@id":"https:\/\/adc3r.com\/#webpage","url":"https:\/\/adc3r.com\/","name":"adc3r - Accueil","isPartOf":{"@id":"https:\/\/adc3r.com\/#website"},"primaryImageOfPage":{"@id":"https:\/\/adc3r.com\/#primaryimage"},"datePublished":"2021-06-10T13:32:16+00:00","dateModified":"2025-03-21T07:51:05+00:00","description":"ADC3R, association fran\u00e7aise cr\u00e9\u00e9e en 2013, regroupe lesdistributeurs, conditionneurs, r\u00e9cup\u00e9rateurs et retraiteurs de fluides frigorig\u00e8nes.","breadcrumb":{"@id":"https:\/\/adc3r.com\/#breadcrumb"},"inLanguage":"en-GB","potentialAction":[{"@type":"ReadAction","target":["https:\/\/adc3r.com\/"]}]},{"@type":"BreadcrumbList","@id":"https:\/\/adc3r.com\/#breadcrumb","itemListElement":[{"@type":"ListItem","position":1,"name":"Accueil","item":"https:\/\/adc3r.com\/"},{"@type":"ListItem","position":2,"name":"Accueil"}]}]}},"_links":{"self":[{"href":"https:\/\/adc3r.com\/en\/wp-json\/wp\/v2\/pages\/11"}],"collection":[{"href":"https:\/\/adc3r.com\/en\/wp-json\/wp\/v2\/pages"}],"about":[{"href":"https:\/\/adc3r.com\/en\/wp-json\/wp\/v2\/types\/page"}],"author":[{"embeddable":true,"href":"https:\/\/adc3r.com\/en\/wp-json\/wp\/v2\/users\/1"}],"replies":[{"embeddable":true,"href":"https:\/\/adc3r.com\/en\/wp-json\/wp\/v2\/comments?post=11"}],"version-history":[{"count":29,"href":"https:\/\/adc3r.com\/en\/wp-json\/wp\/v2\/pages\/11\/revisions"}],"predecessor-version":[{"id":904,"href":"https:\/\/adc3r.com\/en\/wp-json\/wp\/v2\/pages\/11\/revisions\/904"}],"wp:featuredmedia":[{"embeddable":true,"href":"https:\/\/adc3r.com\/en\/wp-json\/wp\/v2\/media\/124"}],"wp:attachment":[{"href":"https:\/\/adc3r.com\/en\/wp-json\/wp\/v2\/media?parent=11"}],"curies":[{"name":"wp","href":"https:\/\/api.w.org\/{rel}","templated":true}]}}